{"id":244,"date":"2025-09-21T17:29:28","date_gmt":"2025-09-21T15:29:28","guid":{"rendered":"https:\/\/www.im365.io\/academy\/?page_id=244"},"modified":"2025-09-24T22:28:39","modified_gmt":"2025-09-24T20:28:39","slug":"professional-creator","status":"publish","type":"page","link":"https:\/\/www.im365.io\/academy\/professional-creator\/","title":{"rendered":"Professional Creator: monetiza y optimiza tu perfil"},"content":{"rendered":"\n<div class=\"wp-block-group banner\"><div class=\"wp-block-group__inner-container is-layout-constrained wp-block-group-is-layout-constrained\">\n<h1 style=\"text-align: center;\"><span class=\"red\">Professional Creator:<\/span> <br \/>monetiza y optimiza tu perfil<\/h1>\n\n\n\n<p style=\"text-align: center;\"><span style=\"font-weight: 400;\">Si ya eres creador de contenidos pero buscas dar un impulso a tu perfil, \u00a1este curso es perfecto para ti! Descubre c\u00f3mo generar m\u00e1s ingresos y rentabilizar tus esfuerzos, para poder vivir al 100% de tu trabajo como influencer.\u00a0<\/span><\/p>\n\n\n\n<div class=\"wp-block-buttons is-content-justification-center is-layout-flex wp-container-core-buttons-is-layout-16018d1d wp-block-buttons-is-layout-flex\">\n<div class=\"wp-block-button\"><a class=\"wp-block-button__link wp-element-button\" href=\"#contacto\">Pedir informaci\u00f3n<\/a><\/div>\n<\/div>\n\n\n\n<img decoding=\"async\" src=\"https:\/\/www.im365.io\/wp-content\/uploads\/sites\/2\/2025\/08\/Ellipse-48.svg\">\n<\/div><\/div>\n\n\n\n<div class=\"wp-block-group bg1Curso\"><div class=\"wp-block-group__inner-container is-layout-constrained wp-block-group-is-layout-constrained\">\n<h2>\u00bfPor qu\u00e9 especializarte en <span class=\"red\">influencer marketing?\u00a0<\/span><\/h2>\n\n\n\n<div class=\"wp-block-columns is-layout-flex wp-container-core-columns-is-layout-9d6595d7 wp-block-columns-is-layout-flex\">\n<div class=\"wp-block-column blockImg is-layout-flow wp-block-column-is-layout-flow\">\n<figure class=\"wp-block-image size-full\"><img loading=\"lazy\" decoding=\"async\" width=\"588\" height=\"795\" src=\"https:\/\/www.im365.io\/wp-content\/uploads\/sites\/2\/2025\/08\/img1_curso-2.webp\" alt=\"\" class=\"wp-image-196\" srcset=\"https:\/\/www.im365.io\/academy\/wp-content\/uploads\/sites\/2\/2025\/08\/img1_curso-2.webp 588w, https:\/\/www.im365.io\/academy\/wp-content\/uploads\/sites\/2\/2025\/08\/img1_curso-2-222x300.webp 222w\" sizes=\"auto, (max-width: 588px) 100vw, 588px\" \/><\/figure>\n<\/div>\n\n\n\n<div class=\"wp-block-column is-layout-flow wp-block-column-is-layout-flow\">\n<div class=\"wp-block-group\"><div class=\"wp-block-group__inner-container is-layout-constrained wp-block-group-is-layout-constrained\">\n<figure class=\"wp-block-image size-large\"><img loading=\"lazy\" decoding=\"async\" width=\"49\" height=\"49\" src=\"https:\/\/www.im365.io\/wp-content\/uploads\/sites\/2\/2025\/08\/icono1.svg\" alt=\"\" class=\"wp-image-109\"\/><\/figure>\n\n\n\n<h3>Rentabiliza tu profesi\u00f3n<\/h3>\n<p><span style=\"font-weight: 400;\">La profesi\u00f3n de influencer es una realidad. Hay miles de personas que, como t\u00fa,\u00a0 se dedican a la creaci\u00f3n de contenidos en redes sociales y algunos han construido un modelo de negocio que traspasa las fronteras de Internet, convirti\u00e9ndose en verdaderas figuras p\u00fablicas. Sin embargo, desarrollar un plan de negocio acorde a cada perfil, que te permita generar ingresos sostenibles en el tiempo no es f\u00e1cil. \u00a1Y es lo que te ense\u00f1amos!<\/span><\/p>\n<\/div><\/div>\n\n\n\n<div class=\"wp-block-group\"><div class=\"wp-block-group__inner-container is-layout-constrained wp-block-group-is-layout-constrained\">\n<figure class=\"wp-block-image size-large\"><img loading=\"lazy\" decoding=\"async\" width=\"49\" height=\"49\" src=\"https:\/\/www.im365.io\/wp-content\/uploads\/sites\/2\/2025\/08\/icono2.svg\" alt=\"\" class=\"wp-image-110\"\/><\/figure>\n\n\n\n<h3>Actual\u00edzate<\/h3>\n<p><span style=\"font-weight: 400;\">Las redes sociales cambian y hay que estar actualiz\u00e1ndose constantemente y probando nuevas plataformas. \u00a1En un sector tan cambiante no hay opci\u00f3n de estancarse!<\/span><\/p>\n<\/div><\/div>\n\n\n\n<div class=\"wp-block-group\"><div class=\"wp-block-group__inner-container is-layout-constrained wp-block-group-is-layout-constrained\">\n<figure class=\"wp-block-image size-large\"><img loading=\"lazy\" decoding=\"async\" width=\"49\" height=\"49\" src=\"https:\/\/www.im365.io\/wp-content\/uploads\/sites\/2\/2025\/08\/icono3.svg\" alt=\"\" class=\"wp-image-111\"\/><\/figure>\n\n\n\n<h3>Optimiza tus recursos<\/h3>\n<p><span style=\"font-weight: 400;\">El tiempo es reducido y vivir de la creaci\u00f3n de contenidos requiere de mucha dedicaci\u00f3n. Por eso es importante que optimices tus m\u00e9todos de trabajo y descubras herramientas que te ayuden a organizarte mejor.\u00a0<\/span><\/p>\n<\/div><\/div>\n<\/div>\n<\/div>\n<\/div><\/div>\n\n\n\n<div id=\"beneficios\" class=\"wp-block-group bg3Curso\"><div class=\"wp-block-group__inner-container is-layout-constrained wp-block-group-is-layout-constrained\">\n<h2 style=\"text-align: center;\">\u00bfQu\u00e9 aprender\u00e1s <br \/><span class=\"red\">en este curso?<\/span><\/h2>\n\n\n\n<div class=\"wp-block-columns is-layout-flex wp-container-core-columns-is-layout-9d6595d7 wp-block-columns-is-layout-flex\">\n<div class=\"wp-block-column wrapperPadding bgRed is-layout-flow wp-block-column-is-layout-flow\" style=\"flex-basis:25%\">\n<h3>Dise\u00f1o de un plan de negocio<\/h3>\n\n\n\n<p><span style=\"font-weight: 400;\">Aprender\u00e1s a generar un plan de negocio, descubriendo todas las opciones de monetizaci\u00f3n disponibles en cada red social c\u00f3mo trabajar con marcas y otros modelos de generaci\u00f3n de ingresos.<\/span><\/p>\n<\/div>\n\n\n\n<div class=\"wp-block-column is-layout-flow wp-block-column-is-layout-flow\" style=\"flex-basis:50%\">\n<figure class=\"wp-block-image size-full\"><img loading=\"lazy\" decoding=\"async\" width=\"432\" height=\"296\" src=\"https:\/\/www.im365.io\/wp-content\/uploads\/sites\/2\/2025\/08\/1.webp\" alt=\"\" class=\"wp-image-121\" srcset=\"https:\/\/www.im365.io\/academy\/wp-content\/uploads\/sites\/2\/2025\/08\/1.webp 432w, https:\/\/www.im365.io\/academy\/wp-content\/uploads\/sites\/2\/2025\/08\/1-300x206.webp 300w\" sizes=\"auto, (max-width: 432px) 100vw, 432px\" \/><\/figure>\n<\/div>\n\n\n\n<div class=\"wp-block-column wrapperPadding is-layout-flow wp-block-column-is-layout-flow\" style=\"flex-basis:25%\">\n<h3>Crecimiento en cada red social<\/h3>\n\n\n\n<p><span style=\"font-weight: 400;\">Cada plataforma tiene sus propias peculiaridades, funcionalidades y algoritmos. Conocer qu\u00e9 funciona cada una es fundamental para crecer en cada una y aprovechar al m\u00e1ximo lo que ofrecen.\u00a0<\/span><\/p>\n<\/div>\n<\/div>\n\n\n\n<div class=\"wp-block-columns is-layout-flex wp-container-core-columns-is-layout-9d6595d7 wp-block-columns-is-layout-flex\">\n<div class=\"wp-block-column wrapperPadding is-layout-flow wp-block-column-is-layout-flow\" style=\"flex-basis:25%\">\n<h3>Optimizaci\u00f3n de recursos<\/h3>\n<p><span style=\"font-weight: 400;\">Te ense\u00f1aremos a optimizar tu trabajo actual como creador de contenido, ya sea con t\u00e9cnicas que le permitan crecer en audiencia e ingresos o con las que puedas reducir tu tiempo de trabajo.\u00a0<\/span><\/p>\n<\/div>\n\n\n\n<div class=\"wp-block-column wrapperPadding bgRed is-layout-flow wp-block-column-is-layout-flow\" style=\"flex-basis:25%\">\n<h3>Cuestiones legales, fiscales y \u00e9ticas<\/h3>\n<p><span style=\"font-weight: 400;\">Conocer\u00e1s todas las normativas y regulaciones que afectan al sector, cuestiones \u00e9ticas y qu\u00e9 obligaciones fiscales tienes en caso de estar generando ingresos como creador de contenido. <\/span><\/p>\n<\/div>\n\n\n\n<div class=\"wp-block-column is-layout-flow wp-block-column-is-layout-flow\">\n<figure class=\"wp-block-image size-full\"><img loading=\"lazy\" decoding=\"async\" width=\"431\" height=\"296\" src=\"https:\/\/www.im365.io\/wp-content\/uploads\/sites\/2\/2025\/08\/2.webp\" alt=\"\" class=\"wp-image-125\" srcset=\"https:\/\/www.im365.io\/academy\/wp-content\/uploads\/sites\/2\/2025\/08\/2.webp 431w, https:\/\/www.im365.io\/academy\/wp-content\/uploads\/sites\/2\/2025\/08\/2-300x206.webp 300w\" sizes=\"auto, (max-width: 431px) 100vw, 431px\" \/><\/figure>\n<\/div>\n<\/div>\n<\/div><\/div>\n\n\n\n<div class=\"wp-block-group bg4Curso\"><div class=\"wp-block-group__inner-container is-layout-constrained wp-block-group-is-layout-constrained\">\n<h5>Programa del curso<img loading=\"lazy\" decoding=\"async\" class=\"alignnone size-medium wp-image-127\" src=\"https:\/\/www.im365.io\/wp-content\/uploads\/sites\/2\/2025\/08\/arrow_pink.svg\" alt=\"\" width=\"300\" height=\"300\" \/><\/h5>\n\n\n\n<div class=\"wp-block-columns is-layout-flex wp-container-core-columns-is-layout-9d6595d7 wp-block-columns-is-layout-flex\">\n<div class=\"wp-block-column is-layout-flow wp-block-column-is-layout-flow\">\n<p>01\u00a0 <span style=\"font-weight: 400;\">Redes sociales 1: algoritmos y consejos para desarrollarse y crecer: Facebook, Instagram y Threads<\/span><\/p>\n\n\n\n<p>02\u00a0 <span style=\"font-weight: 400;\">Redes sociales 2: algoritmos y consejos para desarrollarse y crecer: YouTube y TikTok<\/span><span style=\"font-weight: 400;\">\u00a0<\/span><\/p>\n\n\n\n<p>03\u00a0 <span style=\"font-weight: 400;\">Redes sociales 3: algoritmos y consejos para desarrollarse y crecer: Twitch, Pinterest, LinkedIn y X<\/span><\/p>\n\n\n\n<p>04\u00a0 \u00a0 <span style=\"font-weight: 400;\">Auditor\u00eda de tu perfil y m\u00e9tricas a tener en cuenta<\/span><\/p>\n\n\n\n<p>05\u00a0 <span style=\"font-weight: 400;\">Monetizaci\u00f3n en cada red social<\/span><\/p>\n<\/div>\n\n\n\n<div class=\"wp-block-column is-layout-flow wp-block-column-is-layout-flow\">\n<p>06\u00a0 \u00a0<span style=\"font-weight: 400;\">Trabajar con marcas\u00a0<\/span><\/p>\n\n\n\n<p>07\u00a0 \u00a0<span style=\"font-weight: 400;\">Otros modelos de negocio<\/span><\/p>\n\n\n\n<p>08\u00a0 \u00a0 <span style=\"font-weight: 400;\">Optimizaci\u00f3n del tiempo<\/span><\/p>\n\n\n\n<p>09\u00a0 \u00a0<span style=\"font-weight: 400;\">Cuestiones legales, fiscales y \u00e9ticas<\/span><\/p>\n<\/div>\n<\/div>\n<\/div><\/div>\n\n\n\n<div class=\"wp-block-group bg5Curso\"><div class=\"wp-block-group__inner-container is-layout-constrained wp-block-group-is-layout-constrained\">\n<div class=\"wp-block-columns is-layout-flex wp-container-core-columns-is-layout-9d6595d7 wp-block-columns-is-layout-flex\">\n<div class=\"wp-block-column is-layout-flow wp-block-column-is-layout-flow\" style=\"flex-basis:33.33%\">\n<h5>M\u00c1S <span class=\"red\">INFORMACI\u00d3N \u00daTIL<\/span><\/h5>\n\n\n\n<figure class=\"wp-block-image size-large\"><img loading=\"lazy\" decoding=\"async\" width=\"458\" height=\"639\" src=\"https:\/\/www.im365.io\/wp-content\/uploads\/sites\/2\/2025\/08\/Group-144.svg\" alt=\"\" class=\"wp-image-102\"\/><\/figure>\n<\/div>\n\n\n\n<div class=\"wp-block-column is-layout-flow wp-block-column-is-layout-flow\" style=\"flex-basis:66.66%\">\n<ul>\n<li><strong>V\u00eddeos grabados<\/strong> para que puedas verlos cuando y donde quieras.\u00a0<\/li>\n<li>Acceso de por vida al curso, incluyendo <strong>actualizaciones y ampliaciones<\/strong> de contenidos que se ir\u00e1n haciendo.<\/li>\n<li><strong>Materiales extra incluidos:<\/strong> estudios, plantillas, casos de \u00e9xito\u2026\u00a0<\/li>\n<li><strong>Tutor virtual<\/strong> para resolver dudas.<\/li>\n<li><strong>Certificado acreditativo al finalizar la formaci\u00f3n.<\/strong><\/li>\n<li>Formar\u00e1s parte del directorio de asociados de IM365, lo que te permitir\u00e1 hacer <strong>networking<\/strong> y conseguir <strong>oportunidades profesionales.<\/strong>\u00a0<\/li>\n<li><strong>Entrada gratuita a una IMWeek,<\/strong> la que prefieras. Este tipo de eventos los organizamos con car\u00e1cter <strong>anual en 8 pa\u00edses.<\/strong>\u00a0\u00a0<\/li>\n<li>Multitud de<strong> m\u00e9todos de pago y opciones de financiaci\u00f3n<\/strong>: al estar alojado en Hotmart puedes elegir entre todos sus m\u00e9todos de pago disponibles y la opci\u00f3n de pago fraccionado.\u00a0\u00a0<\/li>\n<\/ul>\n\n\n\n<div class=\"wp-block-columns price is-layout-flex wp-container-core-columns-is-layout-9d6595d7 wp-block-columns-is-layout-flex\">\n<div class=\"wp-block-column is-layout-flow wp-block-column-is-layout-flow\">\n<p>495<span class=\"small\">\u20ac<\/span><\/p>\n<\/div>\n\n\n\n<div class=\"wp-block-column is-layout-flow wp-block-column-is-layout-flow\">\n<h6>695\u20ac<\/h6>\n<\/div>\n<\/div>\n\n\n\n<p style=\"text-align: center;\">Precio especial de lanzamiento<\/p>\n\n\n\n<div class=\"wp-block-buttons is-content-justification-center is-layout-flex wp-container-core-buttons-is-layout-16018d1d wp-block-buttons-is-layout-flex\">\n<div class=\"wp-block-button\"><a class=\"wp-block-button__link wp-element-button\" href=\"#contacto\">Pedir informaci\u00f3n<\/a><\/div>\n<\/div>\n<\/div>\n<\/div>\n<\/div><\/div>\n\n\n\n<div id=\"profesores\" class=\"wp-block-group bg6Curso\"><div class=\"wp-block-group__inner-container is-layout-constrained wp-block-group-is-layout-constrained\">\n<div class=\"wp-block-columns is-layout-flex wp-container-core-columns-is-layout-9d6595d7 wp-block-columns-is-layout-flex\">\n<div class=\"wp-block-column is-layout-flow wp-block-column-is-layout-flow\">\n<h2>Nuestros<br \/><span class=\"red\">profesores<\/span><\/h2>\n<\/div>\n\n\n\n<div class=\"wp-block-column is-layout-flow wp-block-column-is-layout-flow\">\n<p>Aprende de verdaderos profesionales de las redes sociales y el influencer marketing. Todos nuestros profesores trabajan en agencias especializadas, realizando campa\u00f1as o representando influencers.<\/p>\n<p>\u00a1Su experiencia es el centro de nuestras clases!<\/p>\n<\/div>\n<\/div>\n\n\n\n<div class=\"wp-block-columns is-layout-flex wp-container-core-columns-is-layout-9d6595d7 wp-block-columns-is-layout-flex\">\n<div class=\"wp-block-column is-layout-flow wp-block-column-is-layout-flow\">\n<div class=\"swiper swiperTalent\">\n    <div class=\"swiper-wrapper\">\n      <div class=\"swiper-slide\">\n        <img decoding=\"async\" src=\"https:\/\/www.im365.io\/wp-content\/uploads\/sites\/2\/2025\/08\/patricia.webp\" alt=\"\">\n        <div class=\"text\">\n          <h6>Patricia Gonz\u00e1lez<\/h6>\n          <p>Directora acad\u00e9mica \n            de IM365<\/p>\n            <a href=\"https:\/\/www.linkedin.com\/in\/patriciagonzalezdecastro\/\" target=\"_blank\"><img decoding=\"async\" src=\"https:\/\/www.im365.io\/wp-content\/uploads\/sites\/2\/2025\/08\/linkedin-1.svg\" alt=\"\"><\/a>\n        <\/div>\n      <\/div>\n      <div class=\"swiper-slide\">\n        <img decoding=\"async\" src=\"https:\/\/www.im365.io\/wp-content\/uploads\/sites\/2\/2025\/08\/jose.webp\" alt=\"\">\n        <div class=\"text\">\n          <h6>Joan Marc Garcia<\/h6>\n          <p>Country Manager Spain &#038; Italy &#038; Portugal de Territory Influence<\/p>\n            <a href=\"https:\/\/www.linkedin.com\/in\/joanmarcgarcia\/\" target=\"_blank\"><img decoding=\"async\" src=\"https:\/\/www.im365.io\/wp-content\/uploads\/sites\/2\/2025\/08\/linkedin-1.svg\" alt=\"\"><\/a>\n        <\/div>\n      <\/div>\n      <div class=\"swiper-slide\">\n        <img decoding=\"async\" src=\"https:\/\/www.im365.io\/wp-content\/uploads\/sites\/2\/2025\/08\/rosa.webp\" alt=\"\">\n        <div class=\"text\">\n          <h6>Rosa Fuentes<\/h6>\n          <p>Directora comercial de LaCr\u00e8me Agency<\/p>\n            <a href=\"https:\/\/www.linkedin.com\/in\/rosafuentestorres\/\" target=\"_blank\"><img decoding=\"async\" src=\"https:\/\/www.im365.io\/wp-content\/uploads\/sites\/2\/2025\/08\/linkedin-1.svg\" alt=\"\"><\/a>\n        <\/div>\n      <\/div>\n      <div class=\"swiper-slide\">\n        <img decoding=\"async\" src=\"https:\/\/www.im365.io\/wp-content\/uploads\/sites\/2\/2025\/08\/juan.webp\" alt=\"\">\n        <div class=\"text\">\n          <h6>Juan Roncero<\/h6>\n          <p>Innovation Manager &#038; Co Founder de SocialPubli<\/p>\n            <a href=\"https:\/\/www.linkedin.com\/in\/juananroncero\/\" target=\"_blank\"><img decoding=\"async\" src=\"https:\/\/www.im365.io\/wp-content\/uploads\/sites\/2\/2025\/08\/linkedin-1.svg\" alt=\"\"><\/a>\n        <\/div>\n      <\/div>\n      <div class=\"swiper-slide\">\n        <img decoding=\"async\" src=\"https:\/\/www.im365.io\/wp-content\/uploads\/sites\/2\/2025\/08\/blanca.webp\" alt=\"\">\n        <div class=\"text\">\n          <h6>Blanca Rabena<\/h6>\n          <p>Directora General de 2btube<\/p>\n            <a href=\"https:\/\/www.linkedin.com\/in\/blanca-rabena-camu%C3%B1as-b270b141\/\" target=\"_blank\"><img decoding=\"async\" src=\"https:\/\/www.im365.io\/wp-content\/uploads\/sites\/2\/2025\/08\/linkedin-1.svg\" alt=\"\"><\/a>\n        <\/div>\n      <\/div>\n      <div class=\"swiper-slide\">\n        <img decoding=\"async\" src=\"https:\/\/www.im365.io\/wp-content\/uploads\/sites\/2\/2025\/08\/marisa.webp\" alt=\"\">\n        <div class=\"text\">\n          <h6>Marisa Oliver<\/h6>\n          <p>CEO de Hamelin Agency<\/p>\n            <a href=\"https:\/\/www.linkedin.com\/in\/marisa-oliver\/\" target=\"_blank\"><img decoding=\"async\" src=\"https:\/\/www.im365.io\/wp-content\/uploads\/sites\/2\/2025\/08\/linkedin-1.svg\" alt=\"\"><\/a>\n        <\/div>\n      <\/div>\n      <div class=\"swiper-slide\">\n        <img decoding=\"async\" src=\"https:\/\/www.im365.io\/wp-content\/uploads\/sites\/2\/2025\/08\/dario.webp\" alt=\"\">\n        <div class=\"text\">\n          <h6>Dar\u00edo Garc\u00eda<\/h6>\n          <p>CEO de Flake Agency<\/p>\n            <a href=\"https:\/\/www.linkedin.com\/in\/dario-garcia-influencer-marketing\/\" target=\"_blank\"><img decoding=\"async\" src=\"https:\/\/www.im365.io\/wp-content\/uploads\/sites\/2\/2025\/08\/linkedin-1.svg\" alt=\"\"><\/a>\n        <\/div>\n      <\/div>\n      <div class=\"swiper-slide\">\n        <img decoding=\"async\" src=\"https:\/\/www.im365.io\/wp-content\/uploads\/sites\/2\/2025\/08\/ana.webp\" alt=\"\">\n        <div class=\"text\">\n          <h6>Ana Moyano<\/h6>\n          <p>Marketing Strategist de Kolsquare<\/p>\n            <a href=\"https:\/\/www.linkedin.com\/in\/anamoyanoca\/\" target=\"_blank\"><img decoding=\"async\" src=\"https:\/\/www.im365.io\/wp-content\/uploads\/sites\/2\/2025\/08\/linkedin-1.svg\" alt=\"\"><\/a>\n        <\/div>\n      <\/div>\n      <div class=\"swiper-slide\">\n        <img decoding=\"async\" src=\"https:\/\/www.im365.io\/wp-content\/uploads\/sites\/2\/2025\/08\/vicente.webp\" alt=\"\">\n        <div class=\"text\">\n          <h6>Vicente Mirasol<\/h6>\n          <p>CEO TuManag3r<\/p>\n            <a href=\"https:\/\/www.linkedin.com\/in\/vicente-mirasol-villalobos-5a6479194\/\" target=\"_blank\"><img decoding=\"async\" src=\"https:\/\/www.im365.io\/wp-content\/uploads\/sites\/2\/2025\/08\/linkedin-1.svg\" alt=\"\"><\/a>\n        <\/div>\n      <\/div>\n      <div class=\"swiper-slide\">\n        <img decoding=\"async\" src=\"https:\/\/www.im365.io\/wp-content\/uploads\/sites\/2\/2025\/08\/marina.webp\" alt=\"\">\n        <div class=\"text\">\n          <h6>Marina Lago<\/h6>\n          <p>Co-founder de MUL Studio<\/p>\n            <a href=\"https:\/\/www.linkedin.com\/in\/marinalago\/\" target=\"_blank\"><img decoding=\"async\" src=\"https:\/\/www.im365.io\/wp-content\/uploads\/sites\/2\/2025\/08\/linkedin-1.svg\" alt=\"\"><\/a>\n        <\/div>\n      <\/div>\n      <div class=\"swiper-slide\">\n        <img decoding=\"async\" src=\"https:\/\/www.im365.io\/wp-content\/uploads\/sites\/2\/2025\/08\/zaca.webp\" alt=\"\">\n        <div class=\"text\">\n          <h6>Zacar\u00edas E.H.<\/h6>\n          <p>Senior Account Executive en Kolsquare<\/p>\n            <a href=\"https:\/\/www.linkedin.com\/in\/zacar%C3%ADas-e-h-68a5071a7\/\" target=\"_blank\"><img decoding=\"async\" src=\"https:\/\/www.im365.io\/wp-content\/uploads\/sites\/2\/2025\/08\/linkedin-1.svg\" alt=\"\"><\/a>\n        <\/div>\n      <\/div>\n      <div class=\"swiper-slide\">\n        <img decoding=\"async\" src=\"https:\/\/www.im365.io\/wp-content\/uploads\/sites\/2\/2025\/08\/carlos.webp\" alt=\"\">\n        <div class=\"text\">\n          <h6>Carlos de Laguno<\/h6>\n          <p>Co-founder de MUL Studio<\/p>\n            <a href=\"https:\/\/www.linkedin.com\/in\/carlosdelaguno\/\" target=\"_blank\"><img decoding=\"async\" src=\"https:\/\/www.im365.io\/wp-content\/uploads\/sites\/2\/2025\/08\/linkedin-1.svg\" alt=\"\"><\/a>\n        <\/div>\n      <\/div>\n    <\/div>\n    <div class=\"swiper-pagination\"><\/div>\n  <\/div>\n<\/div>\n<\/div>\n<\/div><\/div>\n\n\n\n<div class=\"wp-block-group bg7Curso\"><div class=\"wp-block-group__inner-container is-layout-constrained wp-block-group-is-layout-constrained\">\n<div class=\"wp-block-columns is-layout-flex wp-container-core-columns-is-layout-9d6595d7 wp-block-columns-is-layout-flex\">\n<div class=\"wp-block-column is-layout-flow wp-block-column-is-layout-flow\" style=\"flex-basis:33.33%\">\n<h5>SOBRE <span class=\"red\">NOSOTROS<\/span><\/h5>\n<\/div>\n\n\n\n<div class=\"wp-block-column is-layout-flow wp-block-column-is-layout-flow\" style=\"flex-basis:66.66%\">\n<p>IM365 re\u00fane a empresas y profesionales del sector del influencer marketing en todo el mundo. Nuestro prop\u00f3sito es divulgar buenas pr\u00e1cticas de la industria y ense\u00f1ar desde cero esta disciplina, ya que es un modelo publicitario de reciente creaci\u00f3n. Contamos con cientos de asociados, agencias y empresas que trabajan d\u00eda a d\u00eda creando campa\u00f1as con influencers.<\/p>\n\n\n\n<div class=\"wp-block-buttons is-layout-flex wp-block-buttons-is-layout-flex\">\n<div class=\"wp-block-button has-custom-width wp-block-button__width-50\"><a class=\"wp-block-button__link wp-element-button\" href=\"#contacto\">Saber m\u00e1s<\/a><\/div>\n<\/div>\n<\/div>\n<\/div>\n<\/div><\/div>\n\n\n\n<div id=\"contacto\" class=\"wp-block-group bg4Home\"><div class=\"wp-block-group__inner-container is-layout-constrained wp-block-group-is-layout-constrained\">\n<h6><span>04<\/span> <span>Contacto<\/span><\/h6>\n\n\n\n<h2>\u00bfTienes alguna duda o necesitas <span class=\"red\">otro tipo de formaci\u00f3n?<\/span><\/h2>\n\n\n\n<p>Si tienes alguna pregunta sobre cualquiera de nuestras formaciones est\u00e1s buscando un curso con clases en directo o tienes una empresa y necesitas una propuesta de formaci\u00f3n personalizada, rellena el siguiente formulario y nuestro equipo pondr\u00e1 en contacto contigo con la mayor brevedad.<\/p>\n\n\n\n<div class=\"wp-block-columns containerForm is-layout-flex wp-container-core-columns-is-layout-9d6595d7 wp-block-columns-is-layout-flex\">\n<div class=\"wp-block-column is-layout-flow wp-block-column-is-layout-flow\">\n<figure class=\"wp-block-image size-large\"><img loading=\"lazy\" decoding=\"async\" width=\"530\" height=\"338\" src=\"https:\/\/www.im365.io\/wp-content\/uploads\/sites\/2\/2025\/08\/contacto_img.svg\" alt=\"\" class=\"wp-image-85\"\/><\/figure>\n<\/div>\n\n\n\n<div class=\"wp-block-column is-layout-flow wp-block-column-is-layout-flow\">\n<div data-tf-live=\"01K3G4M3R093NESXQZ5FZPM2D5\"><\/div><script src=\"\/\/embed.typeform.com\/next\/embed.js\"><\/script>\n<\/div>\n<\/div>\n<\/div><\/div>\n","protected":false},"excerpt":{"rendered":"<p>Professional Creator: monetiza y optimiza tu perfil Si ya eres creador de contenidos pero buscas dar un impulso a tu perfil, \u00a1este curso es perfecto para ti! Descubre c\u00f3mo generar m\u00e1s ingresos y rentabilizar tus esfuerzos, para poder vivir al 100% de tu trabajo como influencer.\u00a0 \u00bfPor qu\u00e9 especializarte en influencer marketing?\u00a0 Rentabiliza tu profesi\u00f3n &#8230; <a title=\"Professional Creator: monetiza y optimiza tu perfil\" class=\"read-more\" href=\"https:\/\/www.im365.io\/academy\/professional-creator\/\" aria-label=\"Leer m\u00e1s sobre Professional Creator: monetiza y optimiza tu perfil\">Leer m\u00e1s<\/a><\/p>\n","protected":false},"author":1,"featured_media":0,"parent":0,"menu_order":0,"comment_status":"closed","ping_status":"closed","template":"","meta":{"_acf_changed":false,"footnotes":""},"class_list":["post-244","page","type-page","status-publish"],"acf":[],"_links":{"self":[{"href":"https:\/\/www.im365.io\/academy\/wp-json\/wp\/v2\/pages\/244","targetHints":{"allow":["GET"]}}],"collection":[{"href":"https:\/\/www.im365.io\/academy\/wp-json\/wp\/v2\/pages"}],"about":[{"href":"https:\/\/www.im365.io\/academy\/wp-json\/wp\/v2\/types\/page"}],"author":[{"embeddable":true,"href":"https:\/\/www.im365.io\/academy\/wp-json\/wp\/v2\/users\/1"}],"replies":[{"embeddable":true,"href":"https:\/\/www.im365.io\/academy\/wp-json\/wp\/v2\/comments?post=244"}],"version-history":[{"count":5,"href":"https:\/\/www.im365.io\/academy\/wp-json\/wp\/v2\/pages\/244\/revisions"}],"predecessor-version":[{"id":283,"href":"https:\/\/www.im365.io\/academy\/wp-json\/wp\/v2\/pages\/244\/revisions\/283"}],"wp:attachment":[{"href":"https:\/\/www.im365.io\/academy\/wp-json\/wp\/v2\/media?parent=244"}],"curies":[{"name":"wp","href":"https:\/\/api.w.org\/{rel}","templated":true}]}}